{"id":4134,"date":"2023-02-28T03:27:04","date_gmt":"2023-02-28T03:27:04","guid":{"rendered":"https:\/\/www.costaricantrails.com\/?page_id=4134"},"modified":"2023-02-28T04:36:49","modified_gmt":"2023-02-28T04:36:49","slug":"acceso-al-centro-de-medios","status":"publish","type":"page","link":"https:\/\/www.costaricantrails.com\/es\/acceso-al-centro-de-medios\/","title":{"rendered":"Acceso al Media Center"},"content":{"rendered":"\t\t<div data-elementor-type=\"wp-page\" data-elementor-id=\"4134\" class=\"elementor elementor-4134 elementor-4133\" data-elementor-post-type=\"page\">\n\t\t\t\t\t\t<section class=\"elementor-section elementor-top-section elementor-element elementor-element-57c1149 elementor-section-height-min-height elementor-section-items-stretch elementor-section-full_width elementor-reverse-tablet elementor-reverse-mobile elementor-section-height-default\" data-id=\"57c1149\" data-element_type=\"section\" data-settings=\"{&quot;background_background&quot;:&quot;classic&quot;}\">\n\t\t\t\t\t\t<div class=\"elementor-container elementor-column-gap-default\">\n\t\t\t\t\t<div class=\"elementor-column elementor-col-33 elementor-top-column elementor-element elementor-element-524a837\" data-id=\"524a837\" data-element_type=\"column\">\n\t\t\t<div class=\"elementor-widget-wrap elementor-element-populated\">\n\t\t\t\t\t\t<div class=\"elementor-element elementor-element-e1feb3c elementor-widget elementor-widget-heading\" data-id=\"e1feb3c\" data-element_type=\"widget\" data-widget_type=\"heading.default\">\n\t\t\t\t<div class=\"elementor-widget-container\">\n\t\t\t\t\t<h1 class=\"elementor-heading-title elementor-size-default\">Las herramientas que le ayudan a mejorar su servicio.\n\n<\/h1>\t\t\t\t<\/div>\n\t\t\t\t<\/div>\n\t\t\t\t<div class=\"elementor-element elementor-element-00a0576 elementor-hidden-mobile elementor-widget elementor-widget-button\" data-id=\"00a0576\" data-element_type=\"widget\" data-widget_type=\"button.default\">\n\t\t\t\t<div class=\"elementor-widget-container\">\n\t\t\t\t\t\t\t\t\t<div class=\"elementor-button-wrapper\">\n\t\t\t\t\t<a class=\"elementor-button elementor-button-link elementor-size-lg\" href=\"#signup\">\n\t\t\t\t\t\t<span class=\"elementor-button-content-wrapper\">\n\t\t\t\t\t\t\t\t\t<span class=\"elementor-button-text\">Inscr\u00edbase en el Media Center<\/span>\n\t\t\t\t\t<\/span>\n\t\t\t\t\t<\/a>\n\t\t\t\t<\/div>\n\t\t\t\t\t\t\t\t<\/div>\n\t\t\t\t<\/div>\n\t\t\t\t\t<\/div>\n\t\t<\/div>\n\t\t\t\t<div class=\"elementor-column elementor-col-66 elementor-top-column elementor-element elementor-element-c72d064\" data-id=\"c72d064\" data-element_type=\"column\" data-settings=\"{&quot;background_background&quot;:&quot;classic&quot;,&quot;background_motion_fx_motion_fx_scrolling&quot;:&quot;yes&quot;,&quot;background_motion_fx_scale_effect&quot;:&quot;yes&quot;,&quot;background_motion_fx_scale_speed&quot;:{&quot;unit&quot;:&quot;px&quot;,&quot;size&quot;:1,&quot;sizes&quot;:[]},&quot;background_motion_fx_scale_range&quot;:{&quot;unit&quot;:&quot;%&quot;,&quot;size&quot;:&quot;&quot;,&quot;sizes&quot;:{&quot;start&quot;:55,&quot;end&quot;:80}},&quot;background_motion_fx_devices&quot;:[&quot;desktop&quot;],&quot;background_motion_fx_scale_direction&quot;:&quot;out-in&quot;}\">\n\t\t\t<div class=\"elementor-widget-wrap elementor-element-populated\">\n\t\t\t\t\t\t<div class=\"elementor-element elementor-element-41a4c90 elementor-widget elementor-widget-spacer\" data-id=\"41a4c90\" data-element_type=\"widget\" data-widget_type=\"spacer.default\">\n\t\t\t\t<div class=\"elementor-widget-container\">\n\t\t\t\t\t\t\t<div class=\"elementor-spacer\">\n\t\t\t<div class=\"elementor-spacer-inner\"><\/div>\n\t\t<\/div>\n\t\t\t\t\t\t<\/div>\n\t\t\t\t<\/div>\n\t\t\t\t\t<\/div>\n\t\t<\/div>\n\t\t\t\t\t<\/div>\n\t\t<\/section>\n\t\t\t\t<section class=\"elementor-section elementor-top-section elementor-element elementor-element-da86517 elementor-section-boxed elementor-section-height-default elementor-section-height-default\" data-id=\"da86517\" data-element_type=\"section\">\n\t\t\t\t\t\t<div class=\"elementor-container elementor-column-gap-default\">\n\t\t\t\t\t<div class=\"elementor-column elementor-col-100 elementor-top-column elementor-element elementor-element-ee06a90\" data-id=\"ee06a90\" data-element_type=\"column\">\n\t\t\t<div class=\"elementor-widget-wrap elementor-element-populated\">\n\t\t\t\t\t\t<div class=\"elementor-element elementor-element-f93fed9 elementor-widget elementor-widget-menu-anchor\" data-id=\"f93fed9\" data-element_type=\"widget\" data-widget_type=\"menu-anchor.default\">\n\t\t\t\t<div class=\"elementor-widget-container\">\n\t\t\t\t\t\t\t<div class=\"elementor-menu-anchor\" id=\"ejemplos-itinerarios\"><\/div>\n\t\t\t\t\t\t<\/div>\n\t\t\t\t<\/div>\n\t\t\t\t<div class=\"elementor-element elementor-element-65f90ce elementor-widget elementor-widget-heading\" data-id=\"65f90ce\" data-element_type=\"widget\" data-widget_type=\"heading.default\">\n\t\t\t\t<div class=\"elementor-widget-container\">\n\t\t\t\t\t<h2 class=\"elementor-heading-title elementor-size-default\">Ofrece Costa Rica<\/h2>\t\t\t\t<\/div>\n\t\t\t\t<\/div>\n\t\t\t\t<div class=\"elementor-element elementor-element-682703e elementor-widget elementor-widget-heading\" data-id=\"682703e\" data-element_type=\"widget\" data-widget_type=\"heading.default\">\n\t\t\t\t<div class=\"elementor-widget-container\">\n\t\t\t\t\t<h2 class=\"elementor-heading-title elementor-size-default\">con Facilidad<\/h2>\t\t\t\t<\/div>\n\t\t\t\t<\/div>\n\t\t\t\t<div class=\"elementor-element elementor-element-7bf9f8e elementor-widget elementor-widget-spacer\" data-id=\"7bf9f8e\" data-element_type=\"widget\" data-widget_type=\"spacer.default\">\n\t\t\t\t<div class=\"elementor-widget-container\">\n\t\t\t\t\t\t\t<div class=\"elementor-spacer\">\n\t\t\t<div class=\"elementor-spacer-inner\"><\/div>\n\t\t<\/div>\n\t\t\t\t\t\t<\/div>\n\t\t\t\t<\/div>\n\t\t\t\t<div class=\"elementor-element elementor-element-9a62ad1 elementor-widget elementor-widget-text-editor\" data-id=\"9a62ad1\" data-element_type=\"widget\" data-widget_type=\"text-editor.default\">\n\t\t\t\t<div class=\"elementor-widget-container\">\n\t\t\t\t\t\t\t\t\t<p>Nuestro Media Center contiene material gratuito para ayudarle a vender Costa Rica como su pr\u00f3ximo destino de lujo. En su interior encontrar\u00e1:<\/p>\n<\/p>\n<ul>\n<li data-gc-list-depth=\"1\" data-gc-list-style=\"bullet\"><strong>Portafolio de Hoteles y Villas:<\/strong> Examine nuestro portafolio de alojamientos premium en Costa Rica.<\/li>\n<\/ul>\n<ul>\n<li data-gc-list-depth=\"1\" data-gc-list-style=\"bullet\"><strong>Portafolio de Experiencias:<\/strong> Insp\u00edrese con experiencias \u00fanicas, las cuales dificilmente podr\u00e1 encontrar en otro lugar.<\/li>\n<\/ul>\n<ul>\n<li data-gc-list-depth=\"1\" data-gc-list-style=\"bullet\"><strong>Itinerarios sin logotipo:<\/strong> Impresione a sus clientes con itinerarios detallados que muestran el excepcional nivel de servicio que puede esperar de nosotros. Todos nuestros itinerarios sugeridos est\u00e1n convenientemente sin logotipo, por lo que los puede empezar a compartir con sus clientes de inmediato.<\/li>\n<\/ul>\n<ul>\n<li data-gc-list-depth=\"1\" data-gc-list-style=\"bullet\"><strong>Impresionantes Fotos y V\u00eddeos Profesionales:<\/strong> Promociona Costa Rica como su pr\u00f3ximo destino de lujo con im\u00e1genes y v\u00eddeos de alta resoluci\u00f3n. <\/li>\n<\/ul>\n<ul>\n<li data-gc-list-depth=\"1\" data-gc-list-style=\"bullet\"><strong>Webinars de Costa Rica a Solicitud:<\/strong>\u00bfNo nos vimos en la \u00faltima feria de la industria? No se preocupe, puede ver nuestros Webinars de Costa Rica en cualquier momento.<\/li>\n<\/ul>\n<p>Actualizamos constantemente nuestro Media Center con nuevo material.<\/p>\n\t\t\t\t\t\t\t\t<\/div>\n\t\t\t\t<\/div>\n\t\t\t\t<div class=\"elementor-element elementor-element-44249b4 elementor-widget elementor-widget-spacer\" data-id=\"44249b4\" data-element_type=\"widget\" data-widget_type=\"spacer.default\">\n\t\t\t\t<div class=\"elementor-widget-container\">\n\t\t\t\t\t\t\t<div class=\"elementor-spacer\">\n\t\t\t<div class=\"elementor-spacer-inner\"><\/div>\n\t\t<\/div>\n\t\t\t\t\t\t<\/div>\n\t\t\t\t<\/div>\n\t\t\t\t\t<\/div>\n\t\t<\/div>\n\t\t\t\t\t<\/div>\n\t\t<\/section>\n\t\t\t\t<section class=\"elementor-section elementor-top-section elementor-element elementor-element-773f373 elementor-section-boxed elementor-section-height-default elementor-section-height-default\" data-id=\"773f373\" data-element_type=\"section\">\n\t\t\t\t\t\t<div class=\"elementor-container elementor-column-gap-default\">\n\t\t\t\t\t<div class=\"elementor-column elementor-col-100 elementor-top-column elementor-element elementor-element-901ed0b\" data-id=\"901ed0b\" data-element_type=\"column\">\n\t\t\t<div class=\"elementor-widget-wrap elementor-element-populated\">\n\t\t\t\t\t\t<div class=\"elementor-element elementor-element-dc71940 elementor-widget elementor-widget-menu-anchor\" data-id=\"dc71940\" data-element_type=\"widget\" data-widget_type=\"menu-anchor.default\">\n\t\t\t\t<div class=\"elementor-widget-container\">\n\t\t\t\t\t\t\t<div class=\"elementor-menu-anchor\" id=\"signup\"><\/div>\n\t\t\t\t\t\t<\/div>\n\t\t\t\t<\/div>\n\t\t\t\t\t<\/div>\n\t\t<\/div>\n\t\t\t\t\t<\/div>\n\t\t<\/section>\n\t\t\t\t<section class=\"elementor-section elementor-top-section elementor-element elementor-element-8d947ef elementor-section-boxed elementor-section-height-default elementor-section-height-default\" data-id=\"8d947ef\" data-element_type=\"section\" data-settings=\"{&quot;background_background&quot;:&quot;classic&quot;}\">\n\t\t\t\t\t\t<div class=\"elementor-container elementor-column-gap-default\">\n\t\t\t\t\t<div class=\"elementor-column elementor-col-25 elementor-top-column elementor-element elementor-element-342eddf\" data-id=\"342eddf\" data-element_type=\"column\">\n\t\t\t<div class=\"elementor-widget-wrap\">\n\t\t\t\t\t\t\t<\/div>\n\t\t<\/div>\n\t\t\t\t<div class=\"elementor-column elementor-col-50 elementor-top-column elementor-element elementor-element-8dd20ad\" data-id=\"8dd20ad\" data-element_type=\"column\">\n\t\t\t<div class=\"elementor-widget-wrap elementor-element-populated\">\n\t\t\t\t\t\t<div class=\"elementor-element elementor-element-dfb7244 elementor-widget elementor-widget-html\" data-id=\"dfb7244\" data-element_type=\"widget\" data-widget_type=\"html.default\">\n\t\t\t\t<div class=\"elementor-widget-container\">\n\t\t\t\t\t<script charset=\"utf-8\" type=\"text\/javascript\" src=\"\/\/js.hsforms.net\/forms\/embed\/v2.js\"><\/script>\n<script>\n  hbspt.forms.create({\n    region: \"na1\",\n    portalId: \"21067918\",\n    formId: \"2532c81e-fb80-43a6-b1af-b0c91b472c0f\"\n  });\n<\/script>\t\t\t\t<\/div>\n\t\t\t\t<\/div>\n\t\t\t\t\t<\/div>\n\t\t<\/div>\n\t\t\t\t<div class=\"elementor-column elementor-col-25 elementor-top-column elementor-element elementor-element-c20d564\" data-id=\"c20d564\" data-element_type=\"column\">\n\t\t\t<div class=\"elementor-widget-wrap\">\n\t\t\t\t\t\t\t<\/div>\n\t\t<\/div>\n\t\t\t\t\t<\/div>\n\t\t<\/section>\n\t\t\t\t<\/div>\n\t\t","protected":false},"excerpt":{"rendered":"<p>Las herramientas que le ayudan a mejorar su servicio. Inscr\u00edbase en el Media Center Ofrece Costa Rica con Facilidad Nuestro Media Center contiene material gratuito para ayudarle a vender Costa Rica como su pr\u00f3ximo destino de lujo. En su interior encontrar\u00e1: Portafolio de Hoteles y Villas: Examine nuestro portafolio de alojamientos premium en Costa Rica. [&hellip;]<\/p>\n","protected":false},"author":6,"featured_media":0,"parent":0,"menu_order":0,"comment_status":"closed","ping_status":"closed","template":"","meta":{"cybocfi_hide_featured_image":"","footnotes":""},"class_list":["post-4134","page","type-page","status-publish","hentry"],"yoast_head":"<!-- This site is optimized with the Yoast SEO plugin v26.3 - https:\/\/yoast.com\/wordpress\/plugins\/seo\/ -->\n<title>Acceso al Media Center - Costa Rican Trails<\/title>\n<meta name=\"robots\" content=\"index, follow, max-snippet:-1, max-image-preview:large, max-video-preview:-1\" \/>\n<link rel=\"canonical\" href=\"https:\/\/www.costaricantrails.com\/es\/acceso-al-centro-de-medios\/\" \/>\n<meta property=\"og:locale\" content=\"es_ES\" \/>\n<meta property=\"og:type\" content=\"article\" \/>\n<meta property=\"og:title\" content=\"Acceso al Media Center - Costa Rican Trails\" \/>\n<meta property=\"og:description\" content=\"Las herramientas que le ayudan a mejorar su servicio. Inscr\u00edbase en el Media Center Ofrece Costa Rica con Facilidad Nuestro Media Center contiene material gratuito para ayudarle a vender Costa Rica como su pr\u00f3ximo destino de lujo. En su interior encontrar\u00e1: Portafolio de Hoteles y Villas: Examine nuestro portafolio de alojamientos premium en Costa Rica. [&hellip;]\" \/>\n<meta property=\"og:url\" content=\"https:\/\/www.costaricantrails.com\/es\/acceso-al-centro-de-medios\/\" \/>\n<meta property=\"og:site_name\" content=\"Costa Rican Trails\" \/>\n<meta property=\"article:modified_time\" content=\"2023-02-28T04:36:49+00:00\" \/>\n<meta name=\"twitter:card\" content=\"summary_large_image\" \/>\n<meta name=\"twitter:label1\" content=\"Tiempo de lectura\" \/>\n\t<meta name=\"twitter:data1\" content=\"1 minuto\" \/>\n<script type=\"application\/ld+json\" class=\"yoast-schema-graph\">{\"@context\":\"https:\/\/schema.org\",\"@graph\":[{\"@type\":\"WebPage\",\"@id\":\"https:\/\/www.costaricantrails.com\/es\/acceso-al-centro-de-medios\/\",\"url\":\"https:\/\/www.costaricantrails.com\/es\/acceso-al-centro-de-medios\/\",\"name\":\"Acceso al Media Center - Costa Rican Trails\",\"isPartOf\":{\"@id\":\"https:\/\/www.costaricantrails.com\/#website\"},\"datePublished\":\"2023-02-28T03:27:04+00:00\",\"dateModified\":\"2023-02-28T04:36:49+00:00\",\"breadcrumb\":{\"@id\":\"https:\/\/www.costaricantrails.com\/es\/acceso-al-centro-de-medios\/#breadcrumb\"},\"inLanguage\":\"es\",\"potentialAction\":[{\"@type\":\"ReadAction\",\"target\":[\"https:\/\/www.costaricantrails.com\/es\/acceso-al-centro-de-medios\/\"]}]},{\"@type\":\"BreadcrumbList\",\"@id\":\"https:\/\/www.costaricantrails.com\/es\/acceso-al-centro-de-medios\/#breadcrumb\",\"itemListElement\":[{\"@type\":\"ListItem\",\"position\":1,\"name\":\"Home\",\"item\":\"https:\/\/www.costaricantrails.com\/es\/\"},{\"@type\":\"ListItem\",\"position\":2,\"name\":\"Acceso al Media Center\"}]},{\"@type\":\"WebSite\",\"@id\":\"https:\/\/www.costaricantrails.com\/#website\",\"url\":\"https:\/\/www.costaricantrails.com\/\",\"name\":\"Costa Rican Trails\",\"description\":\"Costa Rican Trails\",\"publisher\":{\"@id\":\"https:\/\/www.costaricantrails.com\/#organization\"},\"potentialAction\":[{\"@type\":\"SearchAction\",\"target\":{\"@type\":\"EntryPoint\",\"urlTemplate\":\"https:\/\/www.costaricantrails.com\/?s={search_term_string}\"},\"query-input\":{\"@type\":\"PropertyValueSpecification\",\"valueRequired\":true,\"valueName\":\"search_term_string\"}}],\"inLanguage\":\"es\"},{\"@type\":\"Organization\",\"@id\":\"https:\/\/www.costaricantrails.com\/#organization\",\"name\":\"Costa Rican Trails\",\"url\":\"https:\/\/www.costaricantrails.com\/\",\"logo\":{\"@type\":\"ImageObject\",\"inLanguage\":\"es\",\"@id\":\"https:\/\/www.costaricantrails.com\/#\/schema\/logo\/image\/\",\"url\":\"https:\/\/www.costaricantrails.com\/wp-content\/uploads\/2021\/11\/Logo@2x.png\",\"contentUrl\":\"https:\/\/www.costaricantrails.com\/wp-content\/uploads\/2021\/11\/Logo@2x.png\",\"width\":278,\"height\":184,\"caption\":\"Costa Rican Trails\"},\"image\":{\"@id\":\"https:\/\/www.costaricantrails.com\/#\/schema\/logo\/image\/\"}}]}<\/script>\n<!-- \/ Yoast SEO plugin. -->","yoast_head_json":{"title":"Acceso al Media Center - Costa Rican Trails","robots":{"index":"index","follow":"follow","max-snippet":"max-snippet:-1","max-image-preview":"max-image-preview:large","max-video-preview":"max-video-preview:-1"},"canonical":"https:\/\/www.costaricantrails.com\/es\/acceso-al-centro-de-medios\/","og_locale":"es_ES","og_type":"article","og_title":"Acceso al Media Center - Costa Rican Trails","og_description":"Las herramientas que le ayudan a mejorar su servicio. Inscr\u00edbase en el Media Center Ofrece Costa Rica con Facilidad Nuestro Media Center contiene material gratuito para ayudarle a vender Costa Rica como su pr\u00f3ximo destino de lujo. En su interior encontrar\u00e1: Portafolio de Hoteles y Villas: Examine nuestro portafolio de alojamientos premium en Costa Rica. [&hellip;]","og_url":"https:\/\/www.costaricantrails.com\/es\/acceso-al-centro-de-medios\/","og_site_name":"Costa Rican Trails","article_modified_time":"2023-02-28T04:36:49+00:00","twitter_card":"summary_large_image","twitter_misc":{"Tiempo de lectura":"1 minuto"},"schema":{"@context":"https:\/\/schema.org","@graph":[{"@type":"WebPage","@id":"https:\/\/www.costaricantrails.com\/es\/acceso-al-centro-de-medios\/","url":"https:\/\/www.costaricantrails.com\/es\/acceso-al-centro-de-medios\/","name":"Acceso al Media Center - Costa Rican Trails","isPartOf":{"@id":"https:\/\/www.costaricantrails.com\/#website"},"datePublished":"2023-02-28T03:27:04+00:00","dateModified":"2023-02-28T04:36:49+00:00","breadcrumb":{"@id":"https:\/\/www.costaricantrails.com\/es\/acceso-al-centro-de-medios\/#breadcrumb"},"inLanguage":"es","potentialAction":[{"@type":"ReadAction","target":["https:\/\/www.costaricantrails.com\/es\/acceso-al-centro-de-medios\/"]}]},{"@type":"BreadcrumbList","@id":"https:\/\/www.costaricantrails.com\/es\/acceso-al-centro-de-medios\/#breadcrumb","itemListElement":[{"@type":"ListItem","position":1,"name":"Home","item":"https:\/\/www.costaricantrails.com\/es\/"},{"@type":"ListItem","position":2,"name":"Acceso al Media Center"}]},{"@type":"WebSite","@id":"https:\/\/www.costaricantrails.com\/#website","url":"https:\/\/www.costaricantrails.com\/","name":"Costa Rican Trails","description":"Costa Rican Trails","publisher":{"@id":"https:\/\/www.costaricantrails.com\/#organization"},"potentialAction":[{"@type":"SearchAction","target":{"@type":"EntryPoint","urlTemplate":"https:\/\/www.costaricantrails.com\/?s={search_term_string}"},"query-input":{"@type":"PropertyValueSpecification","valueRequired":true,"valueName":"search_term_string"}}],"inLanguage":"es"},{"@type":"Organization","@id":"https:\/\/www.costaricantrails.com\/#organization","name":"Costa Rican Trails","url":"https:\/\/www.costaricantrails.com\/","logo":{"@type":"ImageObject","inLanguage":"es","@id":"https:\/\/www.costaricantrails.com\/#\/schema\/logo\/image\/","url":"https:\/\/www.costaricantrails.com\/wp-content\/uploads\/2021\/11\/Logo@2x.png","contentUrl":"https:\/\/www.costaricantrails.com\/wp-content\/uploads\/2021\/11\/Logo@2x.png","width":278,"height":184,"caption":"Costa Rican Trails"},"image":{"@id":"https:\/\/www.costaricantrails.com\/#\/schema\/logo\/image\/"}}]}},"_links":{"self":[{"href":"https:\/\/www.costaricantrails.com\/es\/wp-json\/wp\/v2\/pages\/4134","targetHints":{"allow":["GET"]}}],"collection":[{"href":"https:\/\/www.costaricantrails.com\/es\/wp-json\/wp\/v2\/pages"}],"about":[{"href":"https:\/\/www.costaricantrails.com\/es\/wp-json\/wp\/v2\/types\/page"}],"author":[{"embeddable":true,"href":"https:\/\/www.costaricantrails.com\/es\/wp-json\/wp\/v2\/users\/6"}],"replies":[{"embeddable":true,"href":"https:\/\/www.costaricantrails.com\/es\/wp-json\/wp\/v2\/comments?post=4134"}],"version-history":[{"count":6,"href":"https:\/\/www.costaricantrails.com\/es\/wp-json\/wp\/v2\/pages\/4134\/revisions"}],"predecessor-version":[{"id":4164,"href":"https:\/\/www.costaricantrails.com\/es\/wp-json\/wp\/v2\/pages\/4134\/revisions\/4164"}],"wp:attachment":[{"href":"https:\/\/www.costaricantrails.com\/es\/wp-json\/wp\/v2\/media?parent=4134"}],"curies":[{"name":"wp","href":"https:\/\/api.w.org\/{rel}","templated":true}]}}