{"id":3535,"date":"2021-12-16T18:22:44","date_gmt":"2021-12-16T18:22:44","guid":{"rendered":"https:\/\/www.costaricantrails.com\/inscripcion-en-el-centro-de-medios-gracias\/"},"modified":"2022-12-28T15:25:11","modified_gmt":"2022-12-28T15:25:11","slug":"inscripcion-en-el-centro-de-medios-gracias","status":"publish","type":"page","link":"https:\/\/www.costaricantrails.com\/es\/inscripcion-en-el-centro-de-medios-gracias\/","title":{"rendered":"Inscripci\u00f3n en el Media Center &#8211; GRACIAS"},"content":{"rendered":"\t\t<div data-elementor-type=\"wp-page\" data-elementor-id=\"3535\" class=\"elementor elementor-3535 elementor-1204\" data-elementor-post-type=\"page\">\n\t\t\t\t\t\t<section class=\"elementor-section elementor-top-section elementor-element elementor-element-3d378e3 elementor-section-height-min-height elementor-reverse-tablet elementor-reverse-mobile elementor-section-boxed elementor-section-height-default elementor-section-items-middle\" data-id=\"3d378e3\" data-element_type=\"section\" data-settings=\"{&quot;background_background&quot;:&quot;classic&quot;}\">\n\t\t\t\t\t\t<div class=\"elementor-container elementor-column-gap-default\">\n\t\t\t\t\t<div class=\"elementor-column elementor-col-100 elementor-top-column elementor-element elementor-element-dbab0cf\" data-id=\"dbab0cf\" data-element_type=\"column\">\n\t\t\t<div class=\"elementor-widget-wrap elementor-element-populated\">\n\t\t\t\t\t\t<div class=\"elementor-element elementor-element-9e27a6f elementor-widget elementor-widget-heading\" data-id=\"9e27a6f\" data-element_type=\"widget\" data-widget_type=\"heading.default\">\n\t\t\t\t<div class=\"elementor-widget-container\">\n\t\t\t\t\t<h1 class=\"elementor-heading-title elementor-size-default\">\u00a1Su d\u00eda acaba de ser un poco m\u00e1s f\u00e1cil!<\/h1>\t\t\t\t<\/div>\n\t\t\t\t<\/div>\n\t\t\t\t<div class=\"elementor-element elementor-element-996421b elementor-widget elementor-widget-heading\" data-id=\"996421b\" data-element_type=\"widget\" data-widget_type=\"heading.default\">\n\t\t\t\t<div class=\"elementor-widget-container\">\n\t\t\t\t\t<h2 class=\"elementor-heading-title elementor-size-default\">El enlace al Media Center est\u00e1 ahora de camino a su bandeja de correo electr\u00f3nico.\n<br>\n<br>\n(Por favor, revise su spam, a veces los correos electr\u00f3nicos terminan all\u00ed)<\/h2>\t\t\t\t<\/div>\n\t\t\t\t<\/div>\n\t\t\t\t<div class=\"elementor-element elementor-element-952c0d2 elementor-widget elementor-widget-text-editor\" data-id=\"952c0d2\" data-element_type=\"widget\" data-widget_type=\"text-editor.default\">\n\t\t\t\t<div class=\"elementor-widget-container\">\n\t\t\t\t\t\t\t\t\t<p>Si tiene alguna pregunta sobre el material que ve, o tiene alguna sugerencia sobre m\u00e1s recursos que le puedan ayudar, no dude en enviarnos un correo electr\u00f3nico a <span style=\"text-decoration: underline;\"><span style=\"color: #ffffff; text-decoration: underline;\"><a style=\"color: #ffffff; text-decoration: underline;\" href=\"mailto:info@costaricantrails.com\">info@costaricantrails.com<\/a><\/span><\/span>.<\/p>\n\t\t\t\t\t\t\t\t<\/div>\n\t\t\t\t<\/div>\n\t\t\t\t\t<\/div>\n\t\t<\/div>\n\t\t\t\t\t<\/div>\n\t\t<\/section>\n\t\t\t\t<\/div>\n\t\t","protected":false},"excerpt":{"rendered":"<p>\u00a1Su d\u00eda acaba de ser un poco m\u00e1s f\u00e1cil! El enlace al Media Center est\u00e1 ahora de camino a su bandeja de correo electr\u00f3nico. (Por favor, revise su spam, a veces los correos electr\u00f3nicos terminan all\u00ed) Si tiene alguna pregunta sobre el material que ve, o tiene alguna sugerencia sobre m\u00e1s recursos que le puedan [&hellip;]<\/p>\n","protected":false},"author":1,"featured_media":0,"parent":0,"menu_order":0,"comment_status":"closed","ping_status":"closed","template":"","meta":{"cybocfi_hide_featured_image":"","footnotes":""},"class_list":["post-3535","page","type-page","status-publish","hentry"],"yoast_head":"<!-- This site is optimized with the Yoast SEO plugin v26.3 - https:\/\/yoast.com\/wordpress\/plugins\/seo\/ -->\n<title>Inscripci\u00f3n en el Media Center - GRACIAS - Costa Rican Trails<\/title>\n<meta name=\"robots\" content=\"index, follow, max-snippet:-1, max-image-preview:large, max-video-preview:-1\" \/>\n<link rel=\"canonical\" href=\"https:\/\/www.costaricantrails.com\/media-center-sign-up-thank-you\/\" \/>\n<meta property=\"og:locale\" content=\"es_ES\" \/>\n<meta property=\"og:type\" content=\"article\" \/>\n<meta property=\"og:title\" content=\"Inscripci\u00f3n en el Media Center - GRACIAS - Costa Rican Trails\" \/>\n<meta property=\"og:description\" content=\"\u00a1Su d\u00eda acaba de ser un poco m\u00e1s f\u00e1cil! El enlace al Media Center est\u00e1 ahora de camino a su bandeja de correo electr\u00f3nico. (Por favor, revise su spam, a veces los correos electr\u00f3nicos terminan all\u00ed) Si tiene alguna pregunta sobre el material que ve, o tiene alguna sugerencia sobre m\u00e1s recursos que le puedan [&hellip;]\" \/>\n<meta property=\"og:url\" content=\"https:\/\/www.costaricantrails.com\/media-center-sign-up-thank-you\/\" \/>\n<meta property=\"og:site_name\" content=\"Costa Rican Trails\" \/>\n<meta property=\"article:modified_time\" content=\"2022-12-28T15:25:11+00:00\" \/>\n<meta name=\"twitter:card\" content=\"summary_large_image\" \/>\n<script type=\"application\/ld+json\" class=\"yoast-schema-graph\">{\"@context\":\"https:\/\/schema.org\",\"@graph\":[{\"@type\":\"WebPage\",\"@id\":\"https:\/\/www.costaricantrails.com\/media-center-sign-up-thank-you\/\",\"url\":\"https:\/\/www.costaricantrails.com\/media-center-sign-up-thank-you\/\",\"name\":\"Inscripci\u00f3n en el Media Center - GRACIAS - Costa Rican Trails\",\"isPartOf\":{\"@id\":\"https:\/\/www.costaricantrails.com\/#website\"},\"datePublished\":\"2021-12-16T18:22:44+00:00\",\"dateModified\":\"2022-12-28T15:25:11+00:00\",\"breadcrumb\":{\"@id\":\"https:\/\/www.costaricantrails.com\/media-center-sign-up-thank-you\/#breadcrumb\"},\"inLanguage\":\"es\",\"potentialAction\":[{\"@type\":\"ReadAction\",\"target\":[\"https:\/\/www.costaricantrails.com\/media-center-sign-up-thank-you\/\"]}]},{\"@type\":\"BreadcrumbList\",\"@id\":\"https:\/\/www.costaricantrails.com\/media-center-sign-up-thank-you\/#breadcrumb\",\"itemListElement\":[{\"@type\":\"ListItem\",\"position\":1,\"name\":\"Home\",\"item\":\"https:\/\/www.costaricantrails.com\/es\/\"},{\"@type\":\"ListItem\",\"position\":2,\"name\":\"Inscripci\u00f3n en el Media Center &#8211; GRACIAS\"}]},{\"@type\":\"WebSite\",\"@id\":\"https:\/\/www.costaricantrails.com\/#website\",\"url\":\"https:\/\/www.costaricantrails.com\/\",\"name\":\"Costa Rican Trails\",\"description\":\"Costa Rican Trails\",\"publisher\":{\"@id\":\"https:\/\/www.costaricantrails.com\/#organization\"},\"potentialAction\":[{\"@type\":\"SearchAction\",\"target\":{\"@type\":\"EntryPoint\",\"urlTemplate\":\"https:\/\/www.costaricantrails.com\/?s={search_term_string}\"},\"query-input\":{\"@type\":\"PropertyValueSpecification\",\"valueRequired\":true,\"valueName\":\"search_term_string\"}}],\"inLanguage\":\"es\"},{\"@type\":\"Organization\",\"@id\":\"https:\/\/www.costaricantrails.com\/#organization\",\"name\":\"Costa Rican Trails\",\"url\":\"https:\/\/www.costaricantrails.com\/\",\"logo\":{\"@type\":\"ImageObject\",\"inLanguage\":\"es\",\"@id\":\"https:\/\/www.costaricantrails.com\/#\/schema\/logo\/image\/\",\"url\":\"https:\/\/www.costaricantrails.com\/wp-content\/uploads\/2021\/11\/Logo@2x.png\",\"contentUrl\":\"https:\/\/www.costaricantrails.com\/wp-content\/uploads\/2021\/11\/Logo@2x.png\",\"width\":278,\"height\":184,\"caption\":\"Costa Rican Trails\"},\"image\":{\"@id\":\"https:\/\/www.costaricantrails.com\/#\/schema\/logo\/image\/\"}}]}<\/script>\n<!-- \/ Yoast SEO plugin. -->","yoast_head_json":{"title":"Inscripci\u00f3n en el Media Center - GRACIAS - Costa Rican Trails","robots":{"index":"index","follow":"follow","max-snippet":"max-snippet:-1","max-image-preview":"max-image-preview:large","max-video-preview":"max-video-preview:-1"},"canonical":"https:\/\/www.costaricantrails.com\/media-center-sign-up-thank-you\/","og_locale":"es_ES","og_type":"article","og_title":"Inscripci\u00f3n en el Media Center - GRACIAS - Costa Rican Trails","og_description":"\u00a1Su d\u00eda acaba de ser un poco m\u00e1s f\u00e1cil! El enlace al Media Center est\u00e1 ahora de camino a su bandeja de correo electr\u00f3nico. (Por favor, revise su spam, a veces los correos electr\u00f3nicos terminan all\u00ed) Si tiene alguna pregunta sobre el material que ve, o tiene alguna sugerencia sobre m\u00e1s recursos que le puedan [&hellip;]","og_url":"https:\/\/www.costaricantrails.com\/media-center-sign-up-thank-you\/","og_site_name":"Costa Rican Trails","article_modified_time":"2022-12-28T15:25:11+00:00","twitter_card":"summary_large_image","schema":{"@context":"https:\/\/schema.org","@graph":[{"@type":"WebPage","@id":"https:\/\/www.costaricantrails.com\/media-center-sign-up-thank-you\/","url":"https:\/\/www.costaricantrails.com\/media-center-sign-up-thank-you\/","name":"Inscripci\u00f3n en el Media Center - GRACIAS - Costa Rican Trails","isPartOf":{"@id":"https:\/\/www.costaricantrails.com\/#website"},"datePublished":"2021-12-16T18:22:44+00:00","dateModified":"2022-12-28T15:25:11+00:00","breadcrumb":{"@id":"https:\/\/www.costaricantrails.com\/media-center-sign-up-thank-you\/#breadcrumb"},"inLanguage":"es","potentialAction":[{"@type":"ReadAction","target":["https:\/\/www.costaricantrails.com\/media-center-sign-up-thank-you\/"]}]},{"@type":"BreadcrumbList","@id":"https:\/\/www.costaricantrails.com\/media-center-sign-up-thank-you\/#breadcrumb","itemListElement":[{"@type":"ListItem","position":1,"name":"Home","item":"https:\/\/www.costaricantrails.com\/es\/"},{"@type":"ListItem","position":2,"name":"Inscripci\u00f3n en el Media Center &#8211; GRACIAS"}]},{"@type":"WebSite","@id":"https:\/\/www.costaricantrails.com\/#website","url":"https:\/\/www.costaricantrails.com\/","name":"Costa Rican Trails","description":"Costa Rican Trails","publisher":{"@id":"https:\/\/www.costaricantrails.com\/#organization"},"potentialAction":[{"@type":"SearchAction","target":{"@type":"EntryPoint","urlTemplate":"https:\/\/www.costaricantrails.com\/?s={search_term_string}"},"query-input":{"@type":"PropertyValueSpecification","valueRequired":true,"valueName":"search_term_string"}}],"inLanguage":"es"},{"@type":"Organization","@id":"https:\/\/www.costaricantrails.com\/#organization","name":"Costa Rican Trails","url":"https:\/\/www.costaricantrails.com\/","logo":{"@type":"ImageObject","inLanguage":"es","@id":"https:\/\/www.costaricantrails.com\/#\/schema\/logo\/image\/","url":"https:\/\/www.costaricantrails.com\/wp-content\/uploads\/2021\/11\/Logo@2x.png","contentUrl":"https:\/\/www.costaricantrails.com\/wp-content\/uploads\/2021\/11\/Logo@2x.png","width":278,"height":184,"caption":"Costa Rican Trails"},"image":{"@id":"https:\/\/www.costaricantrails.com\/#\/schema\/logo\/image\/"}}]}},"_links":{"self":[{"href":"https:\/\/www.costaricantrails.com\/es\/wp-json\/wp\/v2\/pages\/3535","targetHints":{"allow":["GET"]}}],"collection":[{"href":"https:\/\/www.costaricantrails.com\/es\/wp-json\/wp\/v2\/pages"}],"about":[{"href":"https:\/\/www.costaricantrails.com\/es\/wp-json\/wp\/v2\/types\/page"}],"author":[{"embeddable":true,"href":"https:\/\/www.costaricantrails.com\/es\/wp-json\/wp\/v2\/users\/1"}],"replies":[{"embeddable":true,"href":"https:\/\/www.costaricantrails.com\/es\/wp-json\/wp\/v2\/comments?post=3535"}],"version-history":[{"count":3,"href":"https:\/\/www.costaricantrails.com\/es\/wp-json\/wp\/v2\/pages\/3535\/revisions"}],"predecessor-version":[{"id":3738,"href":"https:\/\/www.costaricantrails.com\/es\/wp-json\/wp\/v2\/pages\/3535\/revisions\/3738"}],"wp:attachment":[{"href":"https:\/\/www.costaricantrails.com\/es\/wp-json\/wp\/v2\/media?parent=3535"}],"curies":[{"name":"wp","href":"https:\/\/api.w.org\/{rel}","templated":true}]}}