{"id":3517,"date":"2021-11-22T16:06:27","date_gmt":"2021-11-22T16:06:27","guid":{"rendered":"https:\/\/www.costaricantrails.com\/elabore-su-itinerario\/"},"modified":"2023-03-02T04:10:30","modified_gmt":"2023-03-02T04:10:30","slug":"elabore-su-itinerario","status":"publish","type":"page","link":"https:\/\/www.costaricantrails.com\/es\/elabore-su-itinerario\/","title":{"rendered":"Elabore su itinerario"},"content":{"rendered":"\t\t<div data-elementor-type=\"wp-page\" data-elementor-id=\"3517\" class=\"elementor elementor-3517 elementor-471\" data-elementor-post-type=\"page\">\n\t\t\t\t\t\t<section class=\"elementor-section elementor-top-section elementor-element elementor-element-a49f413 elementor-section-height-min-height elementor-reverse-tablet elementor-reverse-mobile elementor-section-boxed elementor-section-height-default elementor-section-items-middle\" data-id=\"a49f413\" data-element_type=\"section\" data-settings=\"{&quot;background_background&quot;:&quot;classic&quot;}\">\n\t\t\t\t\t\t<div class=\"elementor-container elementor-column-gap-default\">\n\t\t\t\t\t<div class=\"elementor-column elementor-col-100 elementor-top-column elementor-element elementor-element-06b92e2\" data-id=\"06b92e2\" data-element_type=\"column\">\n\t\t\t<div class=\"elementor-widget-wrap elementor-element-populated\">\n\t\t\t\t\t\t<div class=\"elementor-element elementor-element-bc06d83 elementor-widget elementor-widget-heading\" data-id=\"bc06d83\" data-element_type=\"widget\" data-widget_type=\"heading.default\">\n\t\t\t\t<div class=\"elementor-widget-container\">\n\t\t\t\t\t<h1 class=\"elementor-heading-title elementor-size-default\">\u00a1Maravilloso!<\/h1>\t\t\t\t<\/div>\n\t\t\t\t<\/div>\n\t\t\t\t<div class=\"elementor-element elementor-element-b7b3cb6 elementor-widget elementor-widget-heading\" data-id=\"b7b3cb6\" data-element_type=\"widget\" data-widget_type=\"heading.default\">\n\t\t\t\t<div class=\"elementor-widget-container\">\n\t\t\t\t\t<h3 class=\"elementor-heading-title elementor-size-default\">D\u00edganos exactamente lo que est\u00e1 buscando y empezaremos a preparar su itinerario a la medida.<\/h3>\t\t\t\t<\/div>\n\t\t\t\t<\/div>\n\t\t\t\t<div class=\"elementor-element elementor-element-dd37fad elementor-widget elementor-widget-text-editor\" data-id=\"dd37fad\" data-element_type=\"widget\" data-widget_type=\"text-editor.default\">\n\t\t\t\t<div class=\"elementor-widget-container\">\n\t\t\t\t\t\t\t\t\t<p>PARA VER LAS CONDICIONES COMPLETAS: <span style=\"color: #ffffff;\"><a style=\"color: #ffffff;\" href=\"https:\/\/www.costaricantrails.com\/es\/terminos-y-condiciones\/\"><span style=\"text-decoration: underline;\">HAGA CLIC AQU\u00cd<\/span><\/a><\/span> <\/p>\n\t\t\t\t\t\t\t\t<\/div>\n\t\t\t\t<\/div>\n\t\t\t\t<div class=\"elementor-element elementor-element-adde57c elementor-widget elementor-widget-image\" data-id=\"adde57c\" data-element_type=\"widget\" data-widget_type=\"image.default\">\n\t\t\t\t<div class=\"elementor-widget-container\">\n\t\t\t\t\t\t\t\t\t\t\t\t\t\t\t\t<a href=\"#below-the-fold\">\n\t\t\t\t\t\t\t<img decoding=\"async\" width=\"186\" height=\"186\" src=\"https:\/\/www.costaricantrails.com\/wp-content\/uploads\/2021\/11\/noun_Arrow_5438@2x.png\" class=\"attachment-large size-large wp-image-3225\" alt=\"\" srcset=\"https:\/\/www.costaricantrails.com\/wp-content\/uploads\/2021\/11\/noun_Arrow_5438@2x.png 186w, https:\/\/www.costaricantrails.com\/wp-content\/uploads\/2021\/11\/noun_Arrow_5438@2x-150x150.png 150w\" sizes=\"(max-width: 186px) 100vw, 186px\" \/>\t\t\t\t\t\t\t\t<\/a>\n\t\t\t\t\t\t\t\t\t\t\t\t\t\t\t<\/div>\n\t\t\t\t<\/div>\n\t\t\t\t\t<\/div>\n\t\t<\/div>\n\t\t\t\t\t<\/div>\n\t\t<\/section>\n\t\t\t\t<section class=\"elementor-section elementor-top-section elementor-element elementor-element-6127161 elementor-section-boxed elementor-section-height-default elementor-section-height-default\" data-id=\"6127161\" data-element_type=\"section\">\n\t\t\t\t\t\t<div class=\"elementor-container elementor-column-gap-default\">\n\t\t\t\t\t<div class=\"elementor-column elementor-col-100 elementor-top-column elementor-element elementor-element-7e779de\" data-id=\"7e779de\" data-element_type=\"column\">\n\t\t\t<div class=\"elementor-widget-wrap elementor-element-populated\">\n\t\t\t\t\t\t<div class=\"elementor-element elementor-element-3261285 elementor-widget elementor-widget-menu-anchor\" data-id=\"3261285\" data-element_type=\"widget\" data-widget_type=\"menu-anchor.default\">\n\t\t\t\t<div class=\"elementor-widget-container\">\n\t\t\t\t\t\t\t<div class=\"elementor-menu-anchor\" id=\"below-the-fold\"><\/div>\n\t\t\t\t\t\t<\/div>\n\t\t\t\t<\/div>\n\t\t\t\t\t<\/div>\n\t\t<\/div>\n\t\t\t\t\t<\/div>\n\t\t<\/section>\n\t\t\t\t<section class=\"elementor-section elementor-top-section elementor-element elementor-element-380f479 elementor-section-boxed elementor-section-height-default elementor-section-height-default\" data-id=\"380f479\" data-element_type=\"section\">\n\t\t\t\t\t\t<div class=\"elementor-container elementor-column-gap-default\">\n\t\t\t\t\t<div class=\"elementor-column elementor-col-100 elementor-top-column elementor-element elementor-element-0bc7c0f\" data-id=\"0bc7c0f\" data-element_type=\"column\">\n\t\t\t<div class=\"elementor-widget-wrap elementor-element-populated\">\n\t\t\t\t\t\t<div class=\"elementor-element elementor-element-abeba28 elementor-widget elementor-widget-html\" data-id=\"abeba28\" data-element_type=\"widget\" data-widget_type=\"html.default\">\n\t\t\t\t<div class=\"elementor-widget-container\">\n\t\t\t\t\t<script charset=\"utf-8\" type=\"text\/javascript\" src=\"\/\/js.hsforms.net\/forms\/embed\/v2.js\"><\/script>\n<script>\n  hbspt.forms.create({\n    region: \"na1\",\n    portalId: \"21067918\",\n    formId: \"e89c5ac7-2a54-438e-9ae7-72709345b69f\"\n  });\n<\/script>\t\t\t\t<\/div>\n\t\t\t\t<\/div>\n\t\t\t\t\t<\/div>\n\t\t<\/div>\n\t\t\t\t\t<\/div>\n\t\t<\/section>\n\t\t\t\t<section class=\"elementor-section elementor-top-section elementor-element elementor-element-2570f2e elementor-section-boxed elementor-section-height-default elementor-section-height-default\" data-id=\"2570f2e\" data-element_type=\"section\" data-settings=\"{&quot;background_background&quot;:&quot;classic&quot;}\">\n\t\t\t\t\t\t<div class=\"elementor-container elementor-column-gap-default\">\n\t\t\t\t\t<div class=\"elementor-column elementor-col-33 elementor-top-column elementor-element elementor-element-320443c\" data-id=\"320443c\" data-element_type=\"column\">\n\t\t\t<div class=\"elementor-widget-wrap elementor-element-populated\">\n\t\t\t\t\t\t<div class=\"elementor-element elementor-element-5e69589 elementor-widget elementor-widget-image\" data-id=\"5e69589\" data-element_type=\"widget\" data-widget_type=\"image.default\">\n\t\t\t\t<div class=\"elementor-widget-container\">\n\t\t\t\t\t\t\t\t\t\t\t\t\t\t\t<img decoding=\"async\" width=\"148\" height=\"130\" src=\"https:\/\/www.costaricantrails.com\/wp-content\/uploads\/2021\/11\/noun_Quote_453953@2x-1.png\" class=\"attachment-large size-large wp-image-3275\" alt=\"\" \/>\t\t\t\t\t\t\t\t\t\t\t\t\t\t\t<\/div>\n\t\t\t\t<\/div>\n\t\t\t\t\t<\/div>\n\t\t<\/div>\n\t\t\t\t<div class=\"elementor-column elementor-col-33 elementor-top-column elementor-element elementor-element-fa36e32\" data-id=\"fa36e32\" data-element_type=\"column\">\n\t\t\t<div class=\"elementor-widget-wrap elementor-element-populated\">\n\t\t\t\t\t\t<div class=\"elementor-element elementor-element-916f326 elementor-widget elementor-widget-menu-anchor\" data-id=\"916f326\" data-element_type=\"widget\" data-widget_type=\"menu-anchor.default\">\n\t\t\t\t<div class=\"elementor-widget-container\">\n\t\t\t\t\t\t\t<div class=\"elementor-menu-anchor\" id=\"golfo-papagayo\"><\/div>\n\t\t\t\t\t\t<\/div>\n\t\t\t\t<\/div>\n\t\t\t\t<div class=\"elementor-element elementor-element-28db248 elementor-widget elementor-widget-heading\" data-id=\"28db248\" data-element_type=\"widget\" data-widget_type=\"heading.default\">\n\t\t\t\t<div class=\"elementor-widget-container\">\n\t\t\t\t\t<h2 class=\"elementor-heading-title elementor-size-default\">\u00a1Todo fue manejado perfectamente!<\/h2>\t\t\t\t<\/div>\n\t\t\t\t<\/div>\n\t\t\t\t<div class=\"elementor-element elementor-element-87f4ba7 elementor-widget elementor-widget-spacer\" data-id=\"87f4ba7\" data-element_type=\"widget\" data-widget_type=\"spacer.default\">\n\t\t\t\t<div class=\"elementor-widget-container\">\n\t\t\t\t\t\t\t<div class=\"elementor-spacer\">\n\t\t\t<div class=\"elementor-spacer-inner\"><\/div>\n\t\t<\/div>\n\t\t\t\t\t\t<\/div>\n\t\t\t\t<\/div>\n\t\t\t\t<div class=\"elementor-element elementor-element-19d23d6 elementor-widget elementor-widget-text-editor\" data-id=\"19d23d6\" data-element_type=\"widget\" data-widget_type=\"text-editor.default\">\n\t\t\t\t<div class=\"elementor-widget-container\">\n\t\t\t\t\t\t\t\t\t<p><i>\u00ab\u00a1Estoy completamente asombrado por todo lo que hicieron por nosotros! Todo fue manejado perfectamente\u00bb.<\/i><\/p>\n<p><i> <\/i><\/p>\n<p><i style=\"color: var( --e-global-color-accent ); background-color: var( --e-global-color-primary );\">\u2013 Scott Bull, Hidden Doorways<\/i><\/p>\n\t\t\t\t\t\t\t\t<\/div>\n\t\t\t\t<\/div>\n\t\t\t\t\t<\/div>\n\t\t<\/div>\n\t\t\t\t<div class=\"elementor-column elementor-col-33 elementor-top-column elementor-element elementor-element-f7548ad\" data-id=\"f7548ad\" data-element_type=\"column\">\n\t\t\t<div class=\"elementor-widget-wrap elementor-element-populated\">\n\t\t\t\t\t\t<div class=\"elementor-element elementor-element-6d4c570 elementor-widget elementor-widget-image\" data-id=\"6d4c570\" data-element_type=\"widget\" data-widget_type=\"image.default\">\n\t\t\t\t<div class=\"elementor-widget-container\">\n\t\t\t\t\t\t\t\t\t\t\t\t\t\t\t<img decoding=\"async\" width=\"153\" height=\"136\" src=\"https:\/\/www.costaricantrails.com\/wp-content\/uploads\/2021\/11\/noun_Quote_453953@2x.png\" class=\"attachment-large size-large wp-image-3274\" alt=\"\" \/>\t\t\t\t\t\t\t\t\t\t\t\t\t\t\t<\/div>\n\t\t\t\t<\/div>\n\t\t\t\t\t<\/div>\n\t\t<\/div>\n\t\t\t\t\t<\/div>\n\t\t<\/section>\n\t\t\t\t<\/div>\n\t\t","protected":false},"excerpt":{"rendered":"<p>\u00a1Maravilloso! D\u00edganos exactamente lo que est\u00e1 buscando y empezaremos a preparar su itinerario a la medida. PARA VER LAS CONDICIONES COMPLETAS: HAGA CLIC AQU\u00cd \u00a1Todo fue manejado perfectamente! \u00ab\u00a1Estoy completamente asombrado por todo lo que hicieron por nosotros! Todo fue manejado perfectamente\u00bb. \u2013 Scott Bull, Hidden Doorways<\/p>\n","protected":false},"author":1,"featured_media":0,"parent":0,"menu_order":0,"comment_status":"closed","ping_status":"closed","template":"","meta":{"cybocfi_hide_featured_image":"","footnotes":""},"class_list":["post-3517","page","type-page","status-publish","hentry"],"yoast_head":"<!-- This site is optimized with the Yoast SEO plugin v26.3 - https:\/\/yoast.com\/wordpress\/plugins\/seo\/ -->\n<title>Elabore su itinerario - Costa Rican Trails<\/title>\n<meta name=\"robots\" content=\"index, follow, max-snippet:-1, max-image-preview:large, max-video-preview:-1\" \/>\n<link rel=\"canonical\" href=\"https:\/\/www.costaricantrails.com\/craft-your-itinerary\/\" \/>\n<meta property=\"og:locale\" content=\"es_ES\" \/>\n<meta property=\"og:type\" content=\"article\" \/>\n<meta property=\"og:title\" content=\"Elabore su itinerario - Costa Rican Trails\" \/>\n<meta property=\"og:description\" content=\"\u00a1Maravilloso! D\u00edganos exactamente lo que est\u00e1 buscando y empezaremos a preparar su itinerario a la medida. PARA VER LAS CONDICIONES COMPLETAS: HAGA CLIC AQU\u00cd \u00a1Todo fue manejado perfectamente! \u00ab\u00a1Estoy completamente asombrado por todo lo que hicieron por nosotros! Todo fue manejado perfectamente\u00bb. \u2013 Scott Bull, Hidden Doorways\" \/>\n<meta property=\"og:url\" content=\"https:\/\/www.costaricantrails.com\/craft-your-itinerary\/\" \/>\n<meta property=\"og:site_name\" content=\"Costa Rican Trails\" \/>\n<meta property=\"article:modified_time\" content=\"2023-03-02T04:10:30+00:00\" \/>\n<meta property=\"og:image\" content=\"https:\/\/www.costaricantrails.com\/wp-content\/uploads\/2021\/11\/noun_Arrow_5438@2x.png\" \/>\n<meta name=\"twitter:card\" content=\"summary_large_image\" \/>\n<script type=\"application\/ld+json\" class=\"yoast-schema-graph\">{\"@context\":\"https:\/\/schema.org\",\"@graph\":[{\"@type\":\"WebPage\",\"@id\":\"https:\/\/www.costaricantrails.com\/craft-your-itinerary\/\",\"url\":\"https:\/\/www.costaricantrails.com\/craft-your-itinerary\/\",\"name\":\"Elabore su itinerario - Costa Rican Trails\",\"isPartOf\":{\"@id\":\"https:\/\/www.costaricantrails.com\/#website\"},\"primaryImageOfPage\":{\"@id\":\"https:\/\/www.costaricantrails.com\/craft-your-itinerary\/#primaryimage\"},\"image\":{\"@id\":\"https:\/\/www.costaricantrails.com\/craft-your-itinerary\/#primaryimage\"},\"thumbnailUrl\":\"https:\/\/www.costaricantrails.com\/wp-content\/uploads\/2021\/11\/noun_Arrow_5438@2x.png\",\"datePublished\":\"2021-11-22T16:06:27+00:00\",\"dateModified\":\"2023-03-02T04:10:30+00:00\",\"breadcrumb\":{\"@id\":\"https:\/\/www.costaricantrails.com\/craft-your-itinerary\/#breadcrumb\"},\"inLanguage\":\"es\",\"potentialAction\":[{\"@type\":\"ReadAction\",\"target\":[\"https:\/\/www.costaricantrails.com\/craft-your-itinerary\/\"]}]},{\"@type\":\"ImageObject\",\"inLanguage\":\"es\",\"@id\":\"https:\/\/www.costaricantrails.com\/craft-your-itinerary\/#primaryimage\",\"url\":\"https:\/\/www.costaricantrails.com\/wp-content\/uploads\/2021\/11\/noun_Arrow_5438@2x.png\",\"contentUrl\":\"https:\/\/www.costaricantrails.com\/wp-content\/uploads\/2021\/11\/noun_Arrow_5438@2x.png\"},{\"@type\":\"BreadcrumbList\",\"@id\":\"https:\/\/www.costaricantrails.com\/craft-your-itinerary\/#breadcrumb\",\"itemListElement\":[{\"@type\":\"ListItem\",\"position\":1,\"name\":\"Home\",\"item\":\"https:\/\/www.costaricantrails.com\/es\/\"},{\"@type\":\"ListItem\",\"position\":2,\"name\":\"Elabore su itinerario\"}]},{\"@type\":\"WebSite\",\"@id\":\"https:\/\/www.costaricantrails.com\/#website\",\"url\":\"https:\/\/www.costaricantrails.com\/\",\"name\":\"Costa Rican Trails\",\"description\":\"Costa Rican Trails\",\"publisher\":{\"@id\":\"https:\/\/www.costaricantrails.com\/#organization\"},\"potentialAction\":[{\"@type\":\"SearchAction\",\"target\":{\"@type\":\"EntryPoint\",\"urlTemplate\":\"https:\/\/www.costaricantrails.com\/?s={search_term_string}\"},\"query-input\":{\"@type\":\"PropertyValueSpecification\",\"valueRequired\":true,\"valueName\":\"search_term_string\"}}],\"inLanguage\":\"es\"},{\"@type\":\"Organization\",\"@id\":\"https:\/\/www.costaricantrails.com\/#organization\",\"name\":\"Costa Rican Trails\",\"url\":\"https:\/\/www.costaricantrails.com\/\",\"logo\":{\"@type\":\"ImageObject\",\"inLanguage\":\"es\",\"@id\":\"https:\/\/www.costaricantrails.com\/#\/schema\/logo\/image\/\",\"url\":\"https:\/\/www.costaricantrails.com\/wp-content\/uploads\/2021\/11\/Logo@2x.png\",\"contentUrl\":\"https:\/\/www.costaricantrails.com\/wp-content\/uploads\/2021\/11\/Logo@2x.png\",\"width\":278,\"height\":184,\"caption\":\"Costa Rican Trails\"},\"image\":{\"@id\":\"https:\/\/www.costaricantrails.com\/#\/schema\/logo\/image\/\"}}]}<\/script>\n<!-- \/ Yoast SEO plugin. -->","yoast_head_json":{"title":"Elabore su itinerario - Costa Rican Trails","robots":{"index":"index","follow":"follow","max-snippet":"max-snippet:-1","max-image-preview":"max-image-preview:large","max-video-preview":"max-video-preview:-1"},"canonical":"https:\/\/www.costaricantrails.com\/craft-your-itinerary\/","og_locale":"es_ES","og_type":"article","og_title":"Elabore su itinerario - Costa Rican Trails","og_description":"\u00a1Maravilloso! D\u00edganos exactamente lo que est\u00e1 buscando y empezaremos a preparar su itinerario a la medida. PARA VER LAS CONDICIONES COMPLETAS: HAGA CLIC AQU\u00cd \u00a1Todo fue manejado perfectamente! \u00ab\u00a1Estoy completamente asombrado por todo lo que hicieron por nosotros! Todo fue manejado perfectamente\u00bb. \u2013 Scott Bull, Hidden Doorways","og_url":"https:\/\/www.costaricantrails.com\/craft-your-itinerary\/","og_site_name":"Costa Rican Trails","article_modified_time":"2023-03-02T04:10:30+00:00","og_image":[{"url":"https:\/\/www.costaricantrails.com\/wp-content\/uploads\/2021\/11\/noun_Arrow_5438@2x.png","type":"","width":"","height":""}],"twitter_card":"summary_large_image","schema":{"@context":"https:\/\/schema.org","@graph":[{"@type":"WebPage","@id":"https:\/\/www.costaricantrails.com\/craft-your-itinerary\/","url":"https:\/\/www.costaricantrails.com\/craft-your-itinerary\/","name":"Elabore su itinerario - Costa Rican Trails","isPartOf":{"@id":"https:\/\/www.costaricantrails.com\/#website"},"primaryImageOfPage":{"@id":"https:\/\/www.costaricantrails.com\/craft-your-itinerary\/#primaryimage"},"image":{"@id":"https:\/\/www.costaricantrails.com\/craft-your-itinerary\/#primaryimage"},"thumbnailUrl":"https:\/\/www.costaricantrails.com\/wp-content\/uploads\/2021\/11\/noun_Arrow_5438@2x.png","datePublished":"2021-11-22T16:06:27+00:00","dateModified":"2023-03-02T04:10:30+00:00","breadcrumb":{"@id":"https:\/\/www.costaricantrails.com\/craft-your-itinerary\/#breadcrumb"},"inLanguage":"es","potentialAction":[{"@type":"ReadAction","target":["https:\/\/www.costaricantrails.com\/craft-your-itinerary\/"]}]},{"@type":"ImageObject","inLanguage":"es","@id":"https:\/\/www.costaricantrails.com\/craft-your-itinerary\/#primaryimage","url":"https:\/\/www.costaricantrails.com\/wp-content\/uploads\/2021\/11\/noun_Arrow_5438@2x.png","contentUrl":"https:\/\/www.costaricantrails.com\/wp-content\/uploads\/2021\/11\/noun_Arrow_5438@2x.png"},{"@type":"BreadcrumbList","@id":"https:\/\/www.costaricantrails.com\/craft-your-itinerary\/#breadcrumb","itemListElement":[{"@type":"ListItem","position":1,"name":"Home","item":"https:\/\/www.costaricantrails.com\/es\/"},{"@type":"ListItem","position":2,"name":"Elabore su itinerario"}]},{"@type":"WebSite","@id":"https:\/\/www.costaricantrails.com\/#website","url":"https:\/\/www.costaricantrails.com\/","name":"Costa Rican Trails","description":"Costa Rican Trails","publisher":{"@id":"https:\/\/www.costaricantrails.com\/#organization"},"potentialAction":[{"@type":"SearchAction","target":{"@type":"EntryPoint","urlTemplate":"https:\/\/www.costaricantrails.com\/?s={search_term_string}"},"query-input":{"@type":"PropertyValueSpecification","valueRequired":true,"valueName":"search_term_string"}}],"inLanguage":"es"},{"@type":"Organization","@id":"https:\/\/www.costaricantrails.com\/#organization","name":"Costa Rican Trails","url":"https:\/\/www.costaricantrails.com\/","logo":{"@type":"ImageObject","inLanguage":"es","@id":"https:\/\/www.costaricantrails.com\/#\/schema\/logo\/image\/","url":"https:\/\/www.costaricantrails.com\/wp-content\/uploads\/2021\/11\/Logo@2x.png","contentUrl":"https:\/\/www.costaricantrails.com\/wp-content\/uploads\/2021\/11\/Logo@2x.png","width":278,"height":184,"caption":"Costa Rican Trails"},"image":{"@id":"https:\/\/www.costaricantrails.com\/#\/schema\/logo\/image\/"}}]}},"_links":{"self":[{"href":"https:\/\/www.costaricantrails.com\/es\/wp-json\/wp\/v2\/pages\/3517","targetHints":{"allow":["GET"]}}],"collection":[{"href":"https:\/\/www.costaricantrails.com\/es\/wp-json\/wp\/v2\/pages"}],"about":[{"href":"https:\/\/www.costaricantrails.com\/es\/wp-json\/wp\/v2\/types\/page"}],"author":[{"embeddable":true,"href":"https:\/\/www.costaricantrails.com\/es\/wp-json\/wp\/v2\/users\/1"}],"replies":[{"embeddable":true,"href":"https:\/\/www.costaricantrails.com\/es\/wp-json\/wp\/v2\/comments?post=3517"}],"version-history":[{"count":12,"href":"https:\/\/www.costaricantrails.com\/es\/wp-json\/wp\/v2\/pages\/3517\/revisions"}],"predecessor-version":[{"id":4190,"href":"https:\/\/www.costaricantrails.com\/es\/wp-json\/wp\/v2\/pages\/3517\/revisions\/4190"}],"wp:attachment":[{"href":"https:\/\/www.costaricantrails.com\/es\/wp-json\/wp\/v2\/media?parent=3517"}],"curies":[{"name":"wp","href":"https:\/\/api.w.org\/{rel}","templated":true}]}}